{"id":101,"date":"2024-09-25T20:23:06","date_gmt":"2024-09-25T20:23:06","guid":{"rendered":"https:\/\/wordpress.lwsm.be\/?page_id=101"},"modified":"2025-10-24T09:10:50","modified_gmt":"2025-10-24T09:10:50","slug":"a-lire-et-a-partager","status":"publish","type":"page","link":"https:\/\/lwsm.be\/index.php\/a-lire-et-a-partager\/","title":{"rendered":"\u00c0 lire et \u00e0 partager"},"content":{"rendered":"\n<div class=\"wp-block-kadence-spacer aligncenter kt-block-spacer-101_404212-df\"><div class=\"kt-block-spacer kt-block-spacer-halign-center\"><hr class=\"kt-divider\"\/><\/div><\/div>\n\n\n\n<div class=\"wp-block-kadence-column kadence-column101_7d3dcd-64\"><div class=\"kt-inside-inner-col\">\n<h2 class=\"kt-adv-heading101_61c1a2-a5 wp-block-kadence-advancedheading\" data-kb-block=\"kb-adv-heading101_61c1a2-a5\">Nous sommes pr\u00e9occup\u00e9s par l\u2019utilisation faite par les mineurs des chatbots de l\u2019Intelligence Artificielle, tels ChatGPT, lorsque ces jeunes leur posent des questions sur leur vie affective ou sexuelle, leur demandant des conseils de vie ou s\u2019en servent comme des compagnons du quotidien, voire des amis. Les risques li\u00e9s aux r\u00e9ponses de l\u2019IA sont nombreux et graves. Le texte ci-dessous, sign\u00e9 du Pr. Jean Yves Hayez et du Dr. Emmanuel Thil, p\u00e9dopsychiatres est \u00e9clairant \u00e0 ce sujet. Il propose des pistes de rem\u00e9diation.<\/h2>\n<\/div><\/div>\n\n\n\n<div data-wp-interactive=\"core\/file\" class=\"wp-block-file\"><object data-wp-bind--hidden=\"!state.hasPdfPreview\" hidden class=\"wp-block-file__embed\" data=\"https:\/\/lwsm.be\/wp-content\/uploads\/2025\/10\/IAINTEGRALE.2025.1003-1.pdf\" type=\"application\/pdf\" style=\"width:100%;height:600px\" aria-label=\"Contenu embarqu\u00e9 IAINTEGRALE.2025.1003.\"><\/object><a id=\"wp-block-file--media-93b8798b-d824-4fb7-b738-632ef114715f\" href=\"https:\/\/lwsm.be\/wp-content\/uploads\/2025\/10\/IAINTEGRALE.2025.1003-1.pdf\">IAINTEGRALE.2025.1003<\/a><a href=\"https:\/\/lwsm.be\/wp-content\/uploads\/2025\/10\/IAINTEGRALE.2025.1003-1.pdf\" class=\"wp-block-file__button wp-element-button\" download aria-describedby=\"wp-block-file--media-93b8798b-d824-4fb7-b738-632ef114715f\">T\u00e9l\u00e9charger<\/a><\/div>\n\n\n\n<div class=\"wp-block-columns alignfull is-layout-flex wp-container-core-columns-is-layout-28f84493 wp-block-columns-is-layout-flex\">\n<div class=\"wp-block-column is-layout-flow wp-block-column-is-layout-flow\">\n<div class=\"wp-block-group is-vertical is-content-justification-center is-layout-flex wp-container-core-group-is-layout-ce155fab wp-block-group-is-layout-flex\">\n<p class=\"has-text-align-center\"><a href=\"https:\/\/www.lalibre.be\/debats\/opinions\/2024\/11\/18\/la-promotion-sans-limite-des-droits-individuels-ce-cancer-societal-MRPTRYVONFDQBBV7ZOAOK3KQI4\/\">La promotion sans limite des droits individuels, ce cancer soci\u00e9tal &#8211; La Libre<\/a><\/p>\n<\/div>\n<\/div>\n<\/div>\n\n\n\n<figure class=\"wp-block-image size-full wp-duotone-unset-1\"><a href=\"https:\/\/www.lalibre.be\/debats\/opinions\/2024\/11\/18\/la-promotion-sans-limite-des-droits-individuels-ce-cancer-societal-MRPTRYVONFDQBBV7ZOAOK3KQI4\/\"><img loading=\"lazy\" decoding=\"async\" width=\"813\" height=\"610\" src=\"https:\/\/lwsm.be\/wp-content\/uploads\/2024\/12\/mouton-1.png\" alt=\"\" class=\"wp-image-208\" srcset=\"https:\/\/lwsm.be\/wp-content\/uploads\/2024\/12\/mouton-1.png 813w, https:\/\/lwsm.be\/wp-content\/uploads\/2024\/12\/mouton-1-300x225.png 300w, https:\/\/lwsm.be\/wp-content\/uploads\/2024\/12\/mouton-1-768x576.png 768w\" sizes=\"auto, (max-width: 813px) 100vw, 813px\" \/><\/a><\/figure>\n\n\n\n<div class=\"wp-block-columns alignwide is-layout-flex wp-container-core-columns-is-layout-d2da2050 wp-block-columns-is-layout-flex\" style=\"margin-bottom:0\">\n<div class=\"wp-block-column has-text-color has-background has-link-color wp-elements-f31f8a09ff90cd430fbfdb0de780b0a8 is-layout-flow wp-block-column-is-layout-flow\" style=\"color:#000000;background-color:#ffe97d;padding-top:2em;padding-right:2em;padding-bottom:2em;padding-left:2em\">\n<div data-wp-interactive=\"core\/file\" class=\"wp-block-file aligncenter\"><object data-wp-bind--hidden=\"!state.hasPdfPreview\" hidden class=\"wp-block-file__embed\" data=\"https:\/\/lwsm.be\/wp-content\/uploads\/2024\/12\/JP-LEBRUN-JL-RENCHON-Ou-va-la-famille-1.pdf\" type=\"application\/pdf\" style=\"width:100%;height:600px\" aria-label=\"Contenu embarqu\u00e9 JP LEBRUN - JL RENCHON - Ou va la famille.\"><\/object><a id=\"wp-block-file--media-a4d02218-0c4e-4e96-8a95-f2530005b9db\" href=\"https:\/\/lwsm.be\/wp-content\/uploads\/2024\/12\/JP-LEBRUN-JL-RENCHON-Ou-va-la-famille-1.pdf\">JP LEBRUN &#8211; JL RENCHON &#8211; Ou va la famille<\/a><a href=\"https:\/\/lwsm.be\/wp-content\/uploads\/2024\/12\/JP-LEBRUN-JL-RENCHON-Ou-va-la-famille-1.pdf\" class=\"wp-block-file__button wp-element-button\" download aria-describedby=\"wp-block-file--media-a4d02218-0c4e-4e96-8a95-f2530005b9db\">T\u00e9l\u00e9charger<\/a><\/div>\n<\/div>\n\n\n\n<div class=\"wp-block-column has-text-color has-background has-link-color wp-elements-923b1e3b604860cd3dc19f452ec32939 is-layout-flow wp-block-column-is-layout-flow\" style=\"color:#000000;background-color:#d1d1e1;padding-top:2em;padding-right:2em;padding-bottom:2em;padding-left:2em\">\n<div data-wp-interactive=\"core\/file\" class=\"wp-block-file\"><object data-wp-bind--hidden=\"!state.hasPdfPreview\" hidden class=\"wp-block-file__embed\" data=\"https:\/\/lwsm.be\/wp-content\/uploads\/2024\/12\/JP-LEBRUN-Je-prefererai-pas.pdf\" type=\"application\/pdf\" style=\"width:100%;height:600px\" aria-label=\"Contenu embarqu\u00e9 JP LEBRUN - Je pr\u00e9f\u00e9rerai pas.\"><\/object><a id=\"wp-block-file--media-7c3c7f95-d43a-49a6-9db5-58721fddc224\" href=\"https:\/\/lwsm.be\/wp-content\/uploads\/2024\/12\/JP-LEBRUN-Je-prefererai-pas.pdf\">JP LEBRUN &#8211; Je pr\u00e9f\u00e9rerai pas<\/a><a href=\"https:\/\/lwsm.be\/wp-content\/uploads\/2024\/12\/JP-LEBRUN-Je-prefererai-pas.pdf\" class=\"wp-block-file__button wp-element-button\" download aria-describedby=\"wp-block-file--media-7c3c7f95-d43a-49a6-9db5-58721fddc224\">T\u00e9l\u00e9charger<\/a><\/div>\n<\/div>\n\n\n\n<div class=\"wp-block-column has-text-color has-background has-link-color wp-elements-621583ef16b4e25d1f648432a4795ccc is-layout-flow wp-block-column-is-layout-flow\" style=\"color:#000000;background-color:#c0ebf1;padding-top:2em;padding-right:2em;padding-bottom:2em;padding-left:2em\">\n<div data-wp-interactive=\"core\/file\" class=\"wp-block-file\"><object data-wp-bind--hidden=\"!state.hasPdfPreview\" hidden class=\"wp-block-file__embed\" data=\"https:\/\/lwsm.be\/wp-content\/uploads\/2024\/10\/EVRAS.pdf\" type=\"application\/pdf\" style=\"width:100%;height:600px\" aria-label=\"Contenu embarqu\u00e9 EVRAS.\"><\/object><a id=\"wp-block-file--media-26080a04-1a6b-4a72-a60c-f946d18f0cb7\" href=\"https:\/\/lwsm.be\/wp-content\/uploads\/2024\/10\/EVRAS.pdf\">EVRAS<\/a><a href=\"https:\/\/lwsm.be\/wp-content\/uploads\/2024\/10\/EVRAS.pdf\" class=\"wp-block-file__button wp-element-button\" download aria-describedby=\"wp-block-file--media-26080a04-1a6b-4a72-a60c-f946d18f0cb7\">T\u00e9l\u00e9charger<\/a><\/div>\n<\/div>\n<\/div>\n\n\n\n<div class=\"wp-block-file aligncenter\"><a id=\"wp-block-file--media-b897da68-323a-4f49-b6c6-5b849416f56e\" href=\"https:\/\/lwsm.be\/wp-content\/uploads\/2024\/12\/Changer-de-genre.png\">Changer de genre<\/a><a href=\"https:\/\/lwsm.be\/wp-content\/uploads\/2024\/12\/Changer-de-genre.png\" class=\"wp-block-file__button wp-element-button\" download aria-describedby=\"wp-block-file--media-b897da68-323a-4f49-b6c6-5b849416f56e\">T\u00e9l\u00e9charger<\/a><\/div>\n\n\n\n<figure class=\"wp-block-image alignwide size-full wp-duotone-unset-2\"><a href=\"https:\/\/lwsm.be\/wp-content\/uploads\/2024\/12\/Changer-de-genre-1.png\"><img loading=\"lazy\" decoding=\"async\" width=\"1088\" height=\"813\" src=\"https:\/\/lwsm.be\/wp-content\/uploads\/2024\/12\/Changer-de-genre-1.png\" alt=\"\" class=\"wp-image-218\" srcset=\"https:\/\/lwsm.be\/wp-content\/uploads\/2024\/12\/Changer-de-genre-1.png 1088w, https:\/\/lwsm.be\/wp-content\/uploads\/2024\/12\/Changer-de-genre-1-300x224.png 300w, https:\/\/lwsm.be\/wp-content\/uploads\/2024\/12\/Changer-de-genre-1-1024x765.png 1024w, https:\/\/lwsm.be\/wp-content\/uploads\/2024\/12\/Changer-de-genre-1-768x574.png 768w\" sizes=\"auto, (max-width: 1088px) 100vw, 1088px\" \/><\/a><\/figure>\n\n\n\n<div class=\"wp-block-columns alignfull is-layout-flex wp-container-core-columns-is-layout-28f84493 wp-block-columns-is-layout-flex\">\n<div class=\"wp-block-column is-layout-flow wp-block-column-is-layout-flow\" style=\"flex-basis:50%\">\n<div class=\"wp-block-cover is-light\" style=\"min-height:600px;aspect-ratio:unset;\"><span aria-hidden=\"true\" class=\"wp-block-cover__background has-background-dim-100 has-background-dim\" style=\"background-color:#f6f6f6\"><\/span><div class=\"wp-block-cover__inner-container is-layout-flow wp-block-cover-is-layout-flow\">\n<div data-wp-interactive=\"core\/file\" class=\"wp-block-file\"><object data-wp-bind--hidden=\"!state.hasPdfPreview\" hidden class=\"wp-block-file__embed\" data=\"https:\/\/lwsm.be\/wp-content\/uploads\/2024\/12\/JP-LEBRUN-A-ERALY-Reinventer-lautorite-1.pdf\" type=\"application\/pdf\" style=\"width:100%;height:600px\" aria-label=\"Contenu embarqu\u00e9 JP LEBRUN - A ERALY - R\u00e9inventer l&apos;autorit\u00e9.\"><\/object><a id=\"wp-block-file--media-adaf675d-77f4-419d-b5ac-347bfc1c6cbc\" href=\"https:\/\/lwsm.be\/wp-content\/uploads\/2024\/12\/JP-LEBRUN-A-ERALY-Reinventer-lautorite-1.pdf\">JP LEBRUN &#8211; A ERALY &#8211; R\u00e9inventer l&rsquo;autorit\u00e9<\/a><a href=\"https:\/\/lwsm.be\/wp-content\/uploads\/2024\/12\/JP-LEBRUN-A-ERALY-Reinventer-lautorite-1.pdf\" class=\"wp-block-file__button wp-element-button\" download aria-describedby=\"wp-block-file--media-adaf675d-77f4-419d-b5ac-347bfc1c6cbc\">T\u00e9l\u00e9charger<\/a><\/div>\n<\/div><\/div>\n<\/div>\n\n\n\n<div class=\"wp-block-column is-vertically-aligned-center is-layout-flow wp-block-column-is-layout-flow\" style=\"padding-top:1em;padding-right:1em;padding-bottom:1em;padding-left:1em\">\n<div data-wp-interactive=\"core\/file\" class=\"wp-block-file\"><object data-wp-bind--hidden=\"!state.hasPdfPreview\" hidden class=\"wp-block-file__embed\" data=\"https:\/\/lwsm.be\/wp-content\/uploads\/2024\/12\/JP-LEBRUN-A-JOOS-Pour-une-Clinique-du-Quotidien-1.pdf\" type=\"application\/pdf\" style=\"width:100%;height:600px\" aria-label=\"Contenu embarqu\u00e9 JP LEBRUN - A JOOS - Pour une Clinique du Quotidien.\"><\/object><a id=\"wp-block-file--media-39b36432-abc5-4257-8be8-5b6081adc94e\" href=\"https:\/\/lwsm.be\/wp-content\/uploads\/2024\/12\/JP-LEBRUN-A-JOOS-Pour-une-Clinique-du-Quotidien-1.pdf\">JP LEBRUN &#8211; A JOOS &#8211; Pour une Clinique du Quotidien<\/a><a href=\"https:\/\/lwsm.be\/wp-content\/uploads\/2024\/12\/JP-LEBRUN-A-JOOS-Pour-une-Clinique-du-Quotidien-1.pdf\" class=\"wp-block-file__button wp-element-button\" download aria-describedby=\"wp-block-file--media-39b36432-abc5-4257-8be8-5b6081adc94e\">T\u00e9l\u00e9charger<\/a><\/div>\n<\/div>\n<\/div>\n\n\n\n<div class=\"wp-block-group alignfull has-base-2-background-color has-background has-global-padding is-layout-constrained wp-container-core-group-is-layout-2a1526ca wp-block-group-is-layout-constrained\" style=\"margin-top:0;margin-bottom:0;padding-top:var(--wp--preset--spacing--10);padding-right:var(--wp--preset--spacing--10);padding-bottom:var(--wp--preset--spacing--10);padding-left:var(--wp--preset--spacing--10)\">\n<div class=\"wp-block-group is-vertical is-content-justification-center is-layout-flex wp-container-core-group-is-layout-52b864f0 wp-block-group-is-layout-flex\">\n<p class=\"has-text-align-center\"><\/p>\n\n\n\n<figure class=\"wp-block-image size-full wp-duotone-duotone-2\"><img loading=\"lazy\" decoding=\"async\" width=\"740\" height=\"740\" src=\"https:\/\/wordpress.lwsm.be\/wp-content\/uploads\/2024\/09\/03y8unmw.png\" alt=\"\" class=\"wp-image-102\" srcset=\"https:\/\/lwsm.be\/wp-content\/uploads\/2024\/09\/03y8unmw.png 740w, https:\/\/lwsm.be\/wp-content\/uploads\/2024\/09\/03y8unmw-300x300.png 300w, https:\/\/lwsm.be\/wp-content\/uploads\/2024\/09\/03y8unmw-150x150.png 150w\" sizes=\"auto, (max-width: 740px) 100vw, 740px\" \/><\/figure>\n<\/div>\n<\/div>\n\n\n\n<p><\/p>\n","protected":false},"excerpt":{"rendered":"<p>Nous sommes pr\u00e9occup\u00e9s par l\u2019utilisation faite par les mineurs des chatbots de l\u2019Intelligence Artificielle, tels ChatGPT, lorsque ces jeunes leur posent des questions sur leur vie affective ou sexuelle, leur demandant des conseils de vie ou s\u2019en servent comme des compagnons du quotidien, voire des amis. Les risques li\u00e9s aux r\u00e9ponses de l\u2019IA sont nombreux [&hellip;]<\/p>\n","protected":false},"author":1,"featured_media":0,"parent":0,"menu_order":0,"comment_status":"closed","ping_status":"closed","template":"","meta":{"footnotes":""},"class_list":["post-101","page","type-page","status-publish","hentry"],"_links":{"self":[{"href":"https:\/\/lwsm.be\/index.php\/wp-json\/wp\/v2\/pages\/101","targetHints":{"allow":["GET"]}}],"collection":[{"href":"https:\/\/lwsm.be\/index.php\/wp-json\/wp\/v2\/pages"}],"about":[{"href":"https:\/\/lwsm.be\/index.php\/wp-json\/wp\/v2\/types\/page"}],"author":[{"embeddable":true,"href":"https:\/\/lwsm.be\/index.php\/wp-json\/wp\/v2\/users\/1"}],"replies":[{"embeddable":true,"href":"https:\/\/lwsm.be\/index.php\/wp-json\/wp\/v2\/comments?post=101"}],"version-history":[{"count":12,"href":"https:\/\/lwsm.be\/index.php\/wp-json\/wp\/v2\/pages\/101\/revisions"}],"predecessor-version":[{"id":230,"href":"https:\/\/lwsm.be\/index.php\/wp-json\/wp\/v2\/pages\/101\/revisions\/230"}],"wp:attachment":[{"href":"https:\/\/lwsm.be\/index.php\/wp-json\/wp\/v2\/media?parent=101"}],"curies":[{"name":"wp","href":"https:\/\/api.w.org\/{rel}","templated":true}]}}