{"id":61,"date":"2024-09-24T19:37:45","date_gmt":"2024-09-24T19:37:45","guid":{"rendered":"https:\/\/wordpress.lwsm.be\/?page_id=61"},"modified":"2024-10-02T07:51:54","modified_gmt":"2024-10-02T07:51:54","slug":"notre-histoire","status":"publish","type":"page","link":"https:\/\/lwsm.be\/index.php\/notre-histoire\/","title":{"rendered":"Notre Histoire"},"content":{"rendered":"\n<div class=\"wp-block-group alignfull has-accent-2-background-color has-background has-global-padding is-layout-constrained wp-container-core-group-is-layout-669513ed wp-block-group-is-layout-constrained\" style=\"margin-top:0;margin-bottom:0;padding-top:var(--wp--preset--spacing--50);padding-right:var(--wp--preset--spacing--50);padding-bottom:var(--wp--preset--spacing--50);padding-left:var(--wp--preset--spacing--50)\">\n<div class=\"wp-block-columns alignwide is-layout-flex wp-container-core-columns-is-layout-28f84493 wp-block-columns-is-layout-flex\">\n<div class=\"wp-block-column is-layout-flow wp-block-column-is-layout-flow\" style=\"flex-basis:40%\">\n<p class=\"has-large-font-size wp-container-content-0733e5d0\">Hier<\/p>\n\n\n\n<div class=\"wp-block-buttons is-layout-flex wp-block-buttons-is-layout-flex\"><\/div>\n<\/div>\n\n\n\n<div class=\"wp-block-column is-layout-flow wp-block-column-is-layout-flow\" style=\"flex-basis:60%\">\n<p class=\"text-align: justify has-heading-font-family has-x-large-font-size\">H\u00e9riti\u00e8re de la Ligue Nationale belge d&rsquo;Hygi\u00e8ne Mentale (1922), de la Ligue d&rsquo;Hygi\u00e8ne Mentale de Wallonie (1977),&nbsp;la&nbsp;Ligue Wallonne pour la Sant\u00e9 Mentale asbl&nbsp;(LWSM) s&rsquo;est constitu\u00e9e en 1994 et renouvel\u00e9e en 2003.<\/p>\n\n\n\n<p><\/p>\n\n\n\n<p class=\"has-heading-font-family\">D\u00e8s sa cr\u00e9ation, la LWSM visait \u00e0 mettre en \u00e9vidence les pratiques&nbsp;d\u00e9ploy\u00e9es dans les services ambulatoires qui se distinguaient, \u00e0 l\u2019\u00e9poque, d\u2019une psychiatrie presque exclusivement hospitali\u00e8re.<\/p>\n\n\n\n<p class=\"has-heading-font-family\">Il s&rsquo;agissait, \u00e0 la fois,&nbsp;de rapprocher les prises en charge g\u00e9n\u00e9ralistes d&rsquo;un public pour lequel une hospitalisation n&rsquo;\u00e9tait pas indiqu\u00e9e et d&rsquo;\u00e9viter, autant que possible, les institutionnalisations lourdes, longues ou superflues \u00e0 des patients en souffrance chronique.<\/p>\n\n\n\n<p class=\"has-heading-font-family has-large-font-size\" style=\"line-height:1.2\">Par la suite, la Ligue Wallonne pour la Sant\u00e9 mentale (LWSM) s\u2019est attach\u00e9e \u00e0 regrouper des Services de Sant\u00e9 Mentale, des&nbsp;services&nbsp;psychosociaux divers ainsi que&nbsp;et des professionnels qui travaillaient dans le champ de la sant\u00e9 mentale ou que ces questions int\u00e9ressaient.<\/p>\n<\/div>\n<\/div>\n\n\n\n<div style=\"height:var(--wp--preset--spacing--40)\" aria-hidden=\"true\" class=\"wp-block-spacer\"><\/div>\n\n\n\n<figure class=\"wp-block-image alignwide size-full is-style-rounded wp-duotone-duotone-2 is-style-rounded--1\"><img loading=\"lazy\" decoding=\"async\" width=\"619\" height=\"413\" src=\"https:\/\/wordpress.lwsm.be\/wp-content\/uploads\/2024\/09\/tetes.jpg\" alt=\"\" class=\"wp-image-20\" srcset=\"https:\/\/lwsm.be\/wp-content\/uploads\/2024\/09\/tetes.jpg 619w, https:\/\/lwsm.be\/wp-content\/uploads\/2024\/09\/tetes-300x200.jpg 300w\" sizes=\"auto, (max-width: 619px) 100vw, 619px\" \/><figcaption class=\"wp-element-caption\">  <\/figcaption><\/figure>\n<\/div>\n\n\n\n<div class=\"wp-block-group alignfull has-base-background-color has-background has-global-padding is-layout-constrained wp-container-core-group-is-layout-d89aad35 wp-block-group-is-layout-constrained\" style=\"margin-top:0;margin-bottom:0;padding-top:var(--wp--preset--spacing--50);padding-right:var(--wp--preset--spacing--50);padding-bottom:var(--wp--preset--spacing--50);padding-left:var(--wp--preset--spacing--50)\">\n<div class=\"wp-block-columns alignwide is-layout-flex wp-container-core-columns-is-layout-549b0c86 wp-block-columns-is-layout-flex\">\n<div class=\"wp-block-column has-global-padding is-content-justification-left is-layout-constrained wp-container-core-column-is-layout-4f15e8fe wp-block-column-is-layout-constrained\" style=\"flex-basis:40%\">\n<p class=\"has-large-font-size\">Aujourd&rsquo;hui<\/p>\n<\/div>\n\n\n\n<div class=\"wp-block-column is-layout-flow wp-container-core-column-is-layout-119bc444 wp-block-column-is-layout-flow\" style=\"flex-basis:60%\">\n<p class=\"has-heading-font-family has-x-large-font-size\" style=\"line-height:1.2\">La Ligue Wallonne pour la Sant\u00e9 Mentale est une association ind\u00e9pendante, non subsidi\u00e9e par les pouvoirs publics, constitu\u00e9e de personnes physiques qui s\u2019y associent \u00e0 titre personnel ou sont mandat\u00e9es par leurs services.<\/p>\n\n\n\n<p class=\"has-heading-font-family has-x-large-font-size\" style=\"line-height:1.2\">Ces personnes s\u2019engagent \u00e0 soutenir les missions et les objectifs de la LWSM d\u00e9finies au sein du Conseil d\u2019Administration.<\/p>\n\n\n\n<div class=\"wp-block-columns is-layout-flex wp-container-core-columns-is-layout-87beb0d0 wp-block-columns-is-layout-flex\">\n<div class=\"wp-block-column is-layout-flow wp-block-column-is-layout-flow\"><\/div>\n\n\n\n<div class=\"wp-block-column is-layout-flow wp-block-column-is-layout-flow\"><\/div>\n<\/div>\n<\/div>\n<\/div>\n<\/div>\n\n\n\n<figure class=\"wp-block-image alignfull wp-duotone-duotone-2\"><img loading=\"lazy\" decoding=\"async\" width=\"794\" height=\"367\" src=\"https:\/\/wordpress.lwsm.be\/wp-content\/uploads\/2024\/09\/Screenshot-2022-08-09-181625.png\" alt=\"\" class=\"wp-image-63\" srcset=\"https:\/\/lwsm.be\/wp-content\/uploads\/2024\/09\/Screenshot-2022-08-09-181625.png 794w, https:\/\/lwsm.be\/wp-content\/uploads\/2024\/09\/Screenshot-2022-08-09-181625-300x139.png 300w, https:\/\/lwsm.be\/wp-content\/uploads\/2024\/09\/Screenshot-2022-08-09-181625-768x355.png 768w\" sizes=\"auto, (max-width: 794px) 100vw, 794px\" \/><\/figure>\n\n\n\n<div class=\"wp-block-group alignfull has-base-2-background-color has-background has-global-padding is-layout-constrained wp-container-core-group-is-layout-7cd14b77 wp-block-group-is-layout-constrained\" style=\"margin-top:0;margin-bottom:0;padding-top:var(--wp--preset--spacing--60);padding-right:var(--wp--preset--spacing--60);padding-bottom:var(--wp--preset--spacing--60);padding-left:var(--wp--preset--spacing--60)\">\n<div class=\"wp-block-group alignwide is-layout-flow wp-block-group-is-layout-flow\">\n<div style=\"height:var(--wp--preset--spacing--50)\" aria-hidden=\"true\" class=\"wp-block-spacer\"><\/div>\n\n\n\n<p class=\"has-text-align-center has-heading-font-family has-x-large-font-size\" style=\"font-style:normal;font-weight:400;line-height:1.2\">\u00ab\u00a0On ne doit pas chercher \u00e0 gu\u00e9rir le corps sans chercher \u00e0 gu\u00e9rir l&rsquo;\u00e2me<em>.\u00a0\u00bb<\/em><\/p>\n\n\n\n<p class=\"has-text-align-right\">Platon<\/p>\n\n\n\n<div style=\"height:var(--wp--preset--spacing--50)\" aria-hidden=\"true\" class=\"wp-block-spacer\"><\/div>\n<\/div>\n<\/div>\n\n\n\n<p><\/p>\n\n\n\n<div class=\"wp-block-buttons is-layout-flex wp-block-buttons-is-layout-flex\"><\/div>\n","protected":false},"excerpt":{"rendered":"<p>Hier H\u00e9riti\u00e8re de la Ligue Nationale belge d&rsquo;Hygi\u00e8ne Mentale (1922), de la Ligue d&rsquo;Hygi\u00e8ne Mentale de Wallonie (1977),&nbsp;la&nbsp;Ligue Wallonne pour la Sant\u00e9 Mentale asbl&nbsp;(LWSM) s&rsquo;est constitu\u00e9e en 1994 et renouvel\u00e9e en 2003. D\u00e8s sa cr\u00e9ation, la LWSM visait \u00e0 mettre en \u00e9vidence les pratiques&nbsp;d\u00e9ploy\u00e9es dans les services ambulatoires qui se distinguaient, \u00e0 l\u2019\u00e9poque, d\u2019une psychiatrie [&hellip;]<\/p>\n","protected":false},"author":1,"featured_media":0,"parent":0,"menu_order":0,"comment_status":"closed","ping_status":"closed","template":"","meta":{"footnotes":""},"class_list":["post-61","page","type-page","status-publish","hentry"],"_links":{"self":[{"href":"https:\/\/lwsm.be\/index.php\/wp-json\/wp\/v2\/pages\/61","targetHints":{"allow":["GET"]}}],"collection":[{"href":"https:\/\/lwsm.be\/index.php\/wp-json\/wp\/v2\/pages"}],"about":[{"href":"https:\/\/lwsm.be\/index.php\/wp-json\/wp\/v2\/types\/page"}],"author":[{"embeddable":true,"href":"https:\/\/lwsm.be\/index.php\/wp-json\/wp\/v2\/users\/1"}],"replies":[{"embeddable":true,"href":"https:\/\/lwsm.be\/index.php\/wp-json\/wp\/v2\/comments?post=61"}],"version-history":[{"count":10,"href":"https:\/\/lwsm.be\/index.php\/wp-json\/wp\/v2\/pages\/61\/revisions"}],"predecessor-version":[{"id":191,"href":"https:\/\/lwsm.be\/index.php\/wp-json\/wp\/v2\/pages\/61\/revisions\/191"}],"wp:attachment":[{"href":"https:\/\/lwsm.be\/index.php\/wp-json\/wp\/v2\/media?parent=61"}],"curies":[{"name":"wp","href":"https:\/\/api.w.org\/{rel}","templated":true}]}}