{"id":69,"date":"2024-09-24T20:45:48","date_gmt":"2024-09-24T20:45:48","guid":{"rendered":"https:\/\/wordpress.lwsm.be\/?page_id=69"},"modified":"2024-09-30T07:57:23","modified_gmt":"2024-09-30T07:57:23","slug":"nos-missions-et-objectifs","status":"publish","type":"page","link":"https:\/\/lwsm.be\/index.php\/nos-missions-et-objectifs\/","title":{"rendered":"Nos missions et objectifs"},"content":{"rendered":"\n<div class=\"wp-block-group alignfull has-global-padding is-layout-constrained wp-container-core-group-is-layout-d89aad35 wp-block-group-is-layout-constrained\" style=\"margin-top:0;margin-bottom:0;padding-top:var(--wp--preset--spacing--50);padding-right:var(--wp--preset--spacing--50);padding-bottom:var(--wp--preset--spacing--50);padding-left:var(--wp--preset--spacing--50)\">\n<div class=\"wp-block-columns alignwide are-vertically-aligned-center is-layout-flex wp-container-core-columns-is-layout-47c06fe3 wp-block-columns-is-layout-flex\">\n<div class=\"wp-block-column is-vertically-aligned-center is-layout-flow wp-block-column-is-layout-flow\" style=\"flex-basis:50%\">\n<h2 class=\"wp-block-heading is-style-asterisk has-large-font-size\">La LWSM se donne&nbsp;comme mission de soutenir et alimenter la r\u00e9flexion sur des questions cliniques, \u00e9thiques, m\u00e9thodologiques, institutionnelles et soci\u00e9tales&nbsp;touchant la sant\u00e9 mentale et relatives \u00e0 l&rsquo;organisation des dispositifs de pr\u00e9vention, de soins&nbsp;et de r\u00e9habilitation dans la r\u00e9gion wallonne du pays.<\/h2>\n\n\n\n<ul style=\"line-height:1.75\" class=\"wp-block-list is-style-checkmark-list\"><\/ul>\n<\/div>\n\n\n\n<div class=\"wp-block-column is-vertically-aligned-center is-layout-flow wp-block-column-is-layout-flow\" style=\"flex-basis:50%\">\n<figure class=\"wp-block-image size-full is-style-rounded wp-duotone-duotone-2 is-style-rounded--1\"><img loading=\"lazy\" decoding=\"async\" width=\"724\" height=\"672\" src=\"https:\/\/wordpress.lwsm.be\/wp-content\/uploads\/2024\/09\/d1a0c600115ac083dea59b137704e500-1.jpg\" alt=\"\" class=\"wp-image-76\" style=\"aspect-ratio:4\/3;object-fit:cover\" srcset=\"https:\/\/lwsm.be\/wp-content\/uploads\/2024\/09\/d1a0c600115ac083dea59b137704e500-1.jpg 724w, https:\/\/lwsm.be\/wp-content\/uploads\/2024\/09\/d1a0c600115ac083dea59b137704e500-1-300x278.jpg 300w\" sizes=\"auto, (max-width: 724px) 100vw, 724px\" \/><\/figure>\n<\/div>\n<\/div>\n<\/div>\n\n\n\n<div class=\"wp-block-columns alignwide are-vertically-aligned-center is-layout-flex wp-container-core-columns-is-layout-47c06fe3 wp-block-columns-is-layout-flex\">\n<div class=\"wp-block-column is-vertically-aligned-center is-layout-flow wp-block-column-is-layout-flow\" style=\"flex-basis:50%\">\n<figure class=\"wp-block-image aligncenter is-resized wp-duotone-unset-2\"><img loading=\"lazy\" decoding=\"async\" width=\"317\" height=\"651\" src=\"https:\/\/wordpress.lwsm.be\/wp-content\/uploads\/2024\/09\/Puce-4.jpg\" alt=\"\" class=\"wp-image-77\" style=\"width:194px;height:auto\" srcset=\"https:\/\/lwsm.be\/wp-content\/uploads\/2024\/09\/Puce-4.jpg 317w, https:\/\/lwsm.be\/wp-content\/uploads\/2024\/09\/Puce-4-146x300.jpg 146w\" sizes=\"auto, (max-width: 317px) 100vw, 317px\" \/><\/figure>\n<\/div>\n\n\n\n<div class=\"wp-block-column is-vertically-aligned-center is-layout-flow wp-block-column-is-layout-flow\" style=\"flex-basis:50%\">\n<h2 class=\"wp-block-heading has-text-align-left is-style-asterisk has-large-font-size\">Pour ce faire, elle organise des groupes de travail, des conf\u00e9rences et des \u00e9v\u00e8nements destin\u00e9s aux&nbsp;travailleurs des institutions qui la composent ainsi que, d&rsquo;une mani\u00e8re plus large,&nbsp;aux acteurs de 1\u00e8re ligne&nbsp;concern\u00e9s par la&nbsp;sant\u00e9 mentale (assistants sociaux, infirmiers, psychologues, logop\u00e8des) dans leurs secteurs d&rsquo;activit\u00e9 propres (Justice, Aide \u00e0 la Jeunesse, toxicomanie, lieux d&rsquo;accueil et de soins) &#8230;<\/h2>\n\n\n\n<ul style=\"line-height:1.75\" class=\"wp-block-list is-style-checkmark-list\"><\/ul>\n<\/div>\n\n\n\n<div class=\"wp-block-column is-layout-flow wp-block-column-is-layout-flow\"><\/div>\n<\/div>\n","protected":false},"excerpt":{"rendered":"<p>La LWSM se donne&nbsp;comme mission de soutenir et alimenter la r\u00e9flexion sur des questions cliniques, \u00e9thiques, m\u00e9thodologiques, institutionnelles et soci\u00e9tales&nbsp;touchant la sant\u00e9 mentale et relatives \u00e0 l&rsquo;organisation des dispositifs de pr\u00e9vention, de soins&nbsp;et de r\u00e9habilitation dans la r\u00e9gion wallonne du pays. Pour ce faire, elle organise des groupes de travail, des conf\u00e9rences et des \u00e9v\u00e8nements [&hellip;]<\/p>\n","protected":false},"author":1,"featured_media":0,"parent":0,"menu_order":0,"comment_status":"closed","ping_status":"closed","template":"","meta":{"footnotes":""},"class_list":["post-69","page","type-page","status-publish","hentry"],"_links":{"self":[{"href":"https:\/\/lwsm.be\/index.php\/wp-json\/wp\/v2\/pages\/69","targetHints":{"allow":["GET"]}}],"collection":[{"href":"https:\/\/lwsm.be\/index.php\/wp-json\/wp\/v2\/pages"}],"about":[{"href":"https:\/\/lwsm.be\/index.php\/wp-json\/wp\/v2\/types\/page"}],"author":[{"embeddable":true,"href":"https:\/\/lwsm.be\/index.php\/wp-json\/wp\/v2\/users\/1"}],"replies":[{"embeddable":true,"href":"https:\/\/lwsm.be\/index.php\/wp-json\/wp\/v2\/comments?post=69"}],"version-history":[{"count":5,"href":"https:\/\/lwsm.be\/index.php\/wp-json\/wp\/v2\/pages\/69\/revisions"}],"predecessor-version":[{"id":153,"href":"https:\/\/lwsm.be\/index.php\/wp-json\/wp\/v2\/pages\/69\/revisions\/153"}],"wp:attachment":[{"href":"https:\/\/lwsm.be\/index.php\/wp-json\/wp\/v2\/media?parent=69"}],"curies":[{"name":"wp","href":"https:\/\/api.w.org\/{rel}","templated":true}]}}