{"id":82,"date":"2024-09-25T07:53:32","date_gmt":"2024-09-25T07:53:32","guid":{"rendered":"https:\/\/wordpress.lwsm.be\/?page_id=82"},"modified":"2024-10-02T07:54:40","modified_gmt":"2024-10-02T07:54:40","slug":"nos-positions","status":"publish","type":"page","link":"https:\/\/lwsm.be\/index.php\/nos-positions\/","title":{"rendered":"Nos positions"},"content":{"rendered":"\n<div class=\"wp-block-group alignfull has-accent-background-color has-background has-global-padding is-layout-constrained wp-container-core-group-is-layout-669513ed wp-block-group-is-layout-constrained\" style=\"margin-top:0;margin-bottom:0;padding-top:var(--wp--preset--spacing--50);padding-right:var(--wp--preset--spacing--50);padding-bottom:var(--wp--preset--spacing--50);padding-left:var(--wp--preset--spacing--50)\">\n<div class=\"wp-block-columns alignwide is-layout-flex wp-container-core-columns-is-layout-1da03c2a wp-block-columns-is-layout-flex\">\n<div class=\"wp-block-column is-vertically-aligned-stretch is-layout-flow wp-block-column-is-layout-flow\" style=\"flex-basis:50%\">\n<div class=\"wp-block-group is-vertical is-content-justification-stretch is-layout-flex wp-container-core-group-is-layout-444d5ee8 wp-block-group-is-layout-flex\" style=\"min-height:100%\">\n<p class=\"has-heading-font-family has-large-font-size\" style=\"line-height:1.2\">La Ligue Wallonne pour la Sant\u00e9 Mentale continue \u00e0 interroger les fa\u00e7ons de faire d\u2019aujourd\u2019hui qui laissent \u2013 il faut bien le dire &#8211; de moins en moins d\u2019espace \u00e0 ce que les vraies questions puissent se poser. Nous en sommes arriv\u00e9s \u00e0 devoir d\u2019abord penser \u201csolution\u201d, \u00e0 nous soumettre aux consignes manag\u00e9riales, aux algorithmes et aux \u00e9valuations chiffr\u00e9es, et ainsi \u00e9craser chaque jour davantage \u201cla rencontre\u201d qui reste pourtant l\u2019enjeu m\u00eame de la relation soignant-soign\u00e9.<a href=\"#_ftn1\" id=\"_ftnref1\">[1]<\/a><\/p>\n\n\n\n<hr class=\"wp-block-separator has-alpha-channel-opacity\"\/>\n\n\n\n<p class=\"has-heading-font-family has-medium-font-size\" style=\"line-height:1.2\"><a href=\"#_ftnref1\" id=\"_ftn1\">[1]<\/a> A. JOOS de TER BEERST et J.P.LEBRUN, La clinique du quotidien. Er\u00e8s, 2020<\/p>\n\n\n\n<div class=\"wp-block-group has-global-padding is-content-justification-left is-layout-constrained wp-container-core-group-is-layout-9fe8ed88 wp-block-group-is-layout-constrained\">\n<div class=\"wp-block-buttons is-layout-flex wp-block-buttons-is-layout-flex\"><\/div>\n<\/div>\n<\/div>\n<\/div>\n\n\n\n<div class=\"wp-block-column is-vertically-aligned-center is-layout-flow wp-block-column-is-layout-flow\" style=\"flex-basis:50%\">\n<figure class=\"wp-block-image size-full is-style-rounded wp-duotone-duotone-2 is-style-rounded--1\"><img loading=\"lazy\" decoding=\"async\" width=\"750\" height=\"1000\" src=\"https:\/\/wordpress.lwsm.be\/wp-content\/uploads\/2024\/09\/C1.jpg\" alt=\"\" class=\"wp-image-86\" style=\"aspect-ratio:3\/4;object-fit:cover\" srcset=\"https:\/\/lwsm.be\/wp-content\/uploads\/2024\/09\/C1.jpg 750w, https:\/\/lwsm.be\/wp-content\/uploads\/2024\/09\/C1-225x300.jpg 225w\" sizes=\"auto, (max-width: 750px) 100vw, 750px\" \/><\/figure>\n<\/div>\n<\/div>\n<\/div>\n\n\n\n<div class=\"wp-block-group alignfull has-base-background-color has-background has-global-padding is-layout-constrained wp-container-core-group-is-layout-d89aad35 wp-block-group-is-layout-constrained\" style=\"margin-top:0;margin-bottom:0;padding-top:var(--wp--preset--spacing--50);padding-right:var(--wp--preset--spacing--50);padding-bottom:var(--wp--preset--spacing--50);padding-left:var(--wp--preset--spacing--50)\">\n<div class=\"wp-block-columns alignwide is-layout-flex wp-container-core-columns-is-layout-549b0c86 wp-block-columns-is-layout-flex\">\n<div class=\"wp-block-column has-global-padding is-content-justification-left is-layout-constrained wp-container-core-column-is-layout-4f15e8fe wp-block-column-is-layout-constrained\" style=\"flex-basis:40%\"><\/div>\n\n\n\n<div class=\"wp-block-column is-layout-flow wp-container-core-column-is-layout-119bc444 wp-block-column-is-layout-flow\" style=\"flex-basis:60%\">\n<p class=\"has-heading-font-family has-large-font-size\" style=\"line-height:1.2\">La sant\u00e9 mentale ne peut relever du bonheur que la soci\u00e9t\u00e9 devrait permettre d\u2019atteindre. Elle ne peut non plus \u00eatre d\u00e9finie comme le fait l\u2019OMS par <em>\u00ab&nbsp;l\u2019\u00e9tat de complet bien-\u00eatre psychom\u00e9dicosocial&nbsp;\u00bb<\/em>. <strong>La sant\u00e9 mentale ne peut relever que d\u2019un <em>\u00ab&nbsp;savoir y faire avec son manque&nbsp;\u00bb.<\/em><\/strong> Le malaise, que ce manque induit est constitutif de la condition humaine et toute pr\u00e9tention \u00e0 vouloir l\u2019\u00e9radiquer \u00e9quivaut \u00e0 vouloir gu\u00e9rir l\u2019humain de son humanit\u00e9.<\/p>\n\n\n\n<div class=\"wp-block-columns is-layout-flex wp-container-core-columns-is-layout-87beb0d0 wp-block-columns-is-layout-flex\">\n<div class=\"wp-block-column is-layout-flow wp-block-column-is-layout-flow\">\n<p class=\"has-heading-font-family has-large-font-size\"><strong>C\u2019est donc fort d\u2019une telle orientation que la Ligue continue ses efforts pour \u201cpenser\u201d ce que recouvre ladite sant\u00e9 mentale.<\/strong> C\u2019est dans cet esprit qu\u2019elle invite des conf\u00e9renciers, qu\u2019elle assume des formations, qu\u2019elle propose des activit\u00e9s\u2026, toutes d\u00e9marches visant, comme l\u2019\u00e9crit Emmanuel Venet, \u00e0 ne pas laisser <em>\u00ab&nbsp;la terminologie actuelle, (par son gout immod\u00e9r\u00e9 du pr\u00e9fixe \u2013neuro-) sugg\u00e9rer que l\u2019ennemi \u00e0 abattre est le psychisme, cette r\u00e9alit\u00e9 (\u2026) qui r\u00e9siste \u00e0 l\u2019objectivation, \u00e0 l\u2019\u00e9lucidation, \u00e0 l\u2019\u00e9valuation, \u00e0 la standardisation, \u00e0 la gestion industrielle et, demain<\/em>\u2026(aujourd\u2019hui&nbsp;?)\u2026,<em> \u00e0 l\u2019intelligence artificielle&nbsp;\u00bb<a href=\"#_ftn1\" id=\"_ftnref1\"><strong>[1]<\/strong><\/a>.<\/em>&nbsp;<\/p>\n\n\n\n<hr class=\"wp-block-separator has-alpha-channel-opacity\"\/>\n\n\n\n<p class=\"has-medium-font-size\"><a href=\"#_ftnref1\" id=\"_ftn1\">[1]<\/a> E. VENET, <em>Manifeste pour une psychiatrie artisanale<\/em>. Verdier, 2020.<\/p>\n<\/div>\n<\/div>\n<\/div>\n<\/div>\n<\/div>\n\n\n\n<div class=\"wp-block-group alignfull has-accent-5-background-color has-background has-global-padding is-layout-constrained wp-container-core-group-is-layout-d89aad35 wp-block-group-is-layout-constrained\" style=\"margin-top:0;margin-bottom:0;padding-top:var(--wp--preset--spacing--50);padding-right:var(--wp--preset--spacing--50);padding-bottom:var(--wp--preset--spacing--50);padding-left:var(--wp--preset--spacing--50)\">\n<div class=\"wp-block-columns alignwide is-layout-flex wp-container-core-columns-is-layout-1da03c2a wp-block-columns-is-layout-flex\">\n<div class=\"wp-block-column is-layout-flow wp-block-column-is-layout-flow\" style=\"flex-basis:100%\">\n<h2 class=\"wp-block-heading has-text-align-center\">La LWSM reste r\u00e9solument tourn\u00e9e et au service de ceux qui partagent ces pr\u00e9occupations, qui restent orient\u00e9s par la psychodynamique et la psychoth\u00e9rapie institutionnelle, qui, engag\u00e9s dans une pratique psychanalytique, n\u2019acquiescent pas aux injonctions de tous ordres qui veulent calibrer les pratiques plut\u00f4t que les entendre.<\/h2>\n\n\n\n<p><\/p>\n\n\n\n<figure class=\"wp-block-image alignright size-large is-resized wp-duotone-duotone-2\"><img loading=\"lazy\" decoding=\"async\" width=\"767\" height=\"1024\" src=\"https:\/\/wordpress.lwsm.be\/wp-content\/uploads\/2024\/09\/lebrun-jp-767x1024.jpg\" alt=\"\" class=\"wp-image-83\" style=\"aspect-ratio:3\/4;object-fit:cover;width:112px;height:auto\" srcset=\"https:\/\/lwsm.be\/wp-content\/uploads\/2024\/09\/lebrun-jp-767x1024.jpg 767w, https:\/\/lwsm.be\/wp-content\/uploads\/2024\/09\/lebrun-jp-225x300.jpg 225w, https:\/\/lwsm.be\/wp-content\/uploads\/2024\/09\/lebrun-jp-768x1025.jpg 768w, https:\/\/lwsm.be\/wp-content\/uploads\/2024\/09\/lebrun-jp.jpg 956w\" sizes=\"auto, (max-width: 767px) 100vw, 767px\" \/><\/figure>\n\n\n\n<p class=\"has-text-align-right\">Jean-Pierre LEBRUN<\/p>\n\n\n\n<p class=\"has-text-align-right\">Pr\u00e9sident<\/p>\n\n\n\n<div class=\"wp-block-buttons is-layout-flex wp-block-buttons-is-layout-flex\"><\/div>\n<\/div>\n<\/div>\n<\/div>\n","protected":false},"excerpt":{"rendered":"<p>La Ligue Wallonne pour la Sant\u00e9 Mentale continue \u00e0 interroger les fa\u00e7ons de faire d\u2019aujourd\u2019hui qui laissent \u2013 il faut bien le dire &#8211; de moins en moins d\u2019espace \u00e0 ce que les vraies questions puissent se poser. Nous en sommes arriv\u00e9s \u00e0 devoir d\u2019abord penser \u201csolution\u201d, \u00e0 nous soumettre aux consignes manag\u00e9riales, aux algorithmes [&hellip;]<\/p>\n","protected":false},"author":1,"featured_media":0,"parent":0,"menu_order":0,"comment_status":"closed","ping_status":"closed","template":"","meta":{"footnotes":""},"class_list":["post-82","page","type-page","status-publish","hentry"],"_links":{"self":[{"href":"https:\/\/lwsm.be\/index.php\/wp-json\/wp\/v2\/pages\/82","targetHints":{"allow":["GET"]}}],"collection":[{"href":"https:\/\/lwsm.be\/index.php\/wp-json\/wp\/v2\/pages"}],"about":[{"href":"https:\/\/lwsm.be\/index.php\/wp-json\/wp\/v2\/types\/page"}],"author":[{"embeddable":true,"href":"https:\/\/lwsm.be\/index.php\/wp-json\/wp\/v2\/users\/1"}],"replies":[{"embeddable":true,"href":"https:\/\/lwsm.be\/index.php\/wp-json\/wp\/v2\/comments?post=82"}],"version-history":[{"count":3,"href":"https:\/\/lwsm.be\/index.php\/wp-json\/wp\/v2\/pages\/82\/revisions"}],"predecessor-version":[{"id":193,"href":"https:\/\/lwsm.be\/index.php\/wp-json\/wp\/v2\/pages\/82\/revisions\/193"}],"wp:attachment":[{"href":"https:\/\/lwsm.be\/index.php\/wp-json\/wp\/v2\/media?parent=82"}],"curies":[{"name":"wp","href":"https:\/\/api.w.org\/{rel}","templated":true}]}}